{"id":417,"date":"2020-09-15T06:48:15","date_gmt":"2020-09-15T06:48:15","guid":{"rendered":"https:\/\/namismusic.com\/index.php\/home\/"},"modified":"2023-06-22T22:32:29","modified_gmt":"2023-06-22T22:32:29","slug":"home","status":"publish","type":"page","link":"https:\/\/namismusic.com\/","title":{"rendered":"Home"},"content":{"rendered":"<div class=\"wp-block-uagb-container uagb-block-37aba157 alignfull uagb-is-root-container\"><div class=\"uagb-container-inner-blocks-wrap\"><div data-aos= \"fade-down\" data-aos-duration=\"400\" data-aos-delay=\"0\" data-aos-easing=\"ease\" data-aos-once=\"true\" class=\"wp-block-uagb-info-box uagb-block-08de9360 uagb-infobox__content-wrap  uagb-infobox-icon-above-title uagb-infobox-image-valign-top\"><div class=\"uagb-ifb-content\"><div class=\"uagb-ifb-icon-wrap\"><svg xmlns=\"https:\/\/www.w3.org\/2000\/svg\" viewBox=\"0 0 512 512\"><path d=\"M0 256C0 114.6 114.6 0 256 0C397.4 0 512 114.6 512 256C512 397.4 397.4 512 256 512C114.6 512 0 397.4 0 256zM371.8 211.8C382.7 200.9 382.7 183.1 371.8 172.2C360.9 161.3 343.1 161.3 332.2 172.2L224 280.4L179.8 236.2C168.9 225.3 151.1 225.3 140.2 236.2C129.3 247.1 129.3 264.9 140.2 275.8L204.2 339.8C215.1 350.7 232.9 350.7 243.8 339.8L371.8 211.8z\"><\/path><\/svg><\/div><div class=\"uagb-ifb-title-wrap\"><span class=\"uagb-ifb-title-prefix\">EXPLORA EL ARTE<\/span><div class=\"uagb-ifb-separator\"><\/div><h1 class=\"uagb-ifb-title\">nami\u00b4s music<gwmw style=\"display:none;\"><gwmw style=\"display:none;\"><\/gwmw><\/gwmw><\/h1><\/div><div class=\"uagb-ifb-button-wrapper wp-block-button\"><a href=\"https:\/\/namismusic.com\/index.php\/landing-page\/\" class=\"uagb-infobox-cta-link wp-block-button__link\" target=\"_self\" rel=\"noopener noreferrer\" onclick=\"return true;\" alt=\"\"><span class=\"uagb-inline-editing\">CLASE GRATIS<\/span><\/a><\/div><\/div><\/div><\/div><\/div><div class=\"wp-block-uagb-container uagb-block-4680f73b alignfull uagb-is-root-container\"><div class=\"uagb-container-inner-blocks-wrap\"><div class=\"wp-block-uagb-advanced-heading uagb-block-a8edff86\"><h2 class=\"uagb-heading-text\">\u00bfc\u00f3mo funciona?<\/h2><div class=\"uagb-separator\"><\/div><\/div>\n\n<div class=\"wp-block-columns is-layout-flex wp-container-core-columns-is-layout-28f84493 wp-block-columns-is-layout-flex\"><div class=\"wp-block-column is-layout-flow wp-block-column-is-layout-flow\"><h2 class=\"wp-block-heading has-text-align-center has-ast-global-color-1-color has-text-color has-large-font-size\">1. clase gratis<\/h2>\n\n<div class=\"wp-block-uagb-image aligncenter uagb-block-62436840 wp-block-uagb-image--layout-default wp-block-uagb-image--effect-static wp-block-uagb-image--align-center\"><figure class=\"wp-block-uagb-image__figure\"><img decoding=\"async\" srcset=\"https:\/\/namismusic.com\/wp-content\/uploads\/2023\/06\/178-2.jpg \" sizes=\"auto, (max-width: 480px) 150px\" src=\"https:\/\/namismusic.com\/wp-content\/uploads\/2023\/06\/178-2.jpg\" alt=\"\" class=\"uag-image-439\" width=\"247\" height=\"193\" title=\"\" loading=\"lazy\"\/><\/figure><\/div><\/div>\n\n<div class=\"wp-block-column is-layout-flow wp-block-column-is-layout-flow\"><h2 class=\"wp-block-heading has-text-align-center has-ast-global-color-1-color has-text-color\">2. inscr\u00edbete<\/h2>\n\n<div class=\"wp-block-uagb-image aligncenter uagb-block-21b7fd50 wp-block-uagb-image--layout-default wp-block-uagb-image--effect-static wp-block-uagb-image--align-center\"><figure class=\"wp-block-uagb-image__figure\"><img decoding=\"async\" srcset=\"https:\/\/namismusic.com\/wp-content\/uploads\/2023\/06\/Musica-ninos-02-e1653046061824-1-1024x576.jpg \" sizes=\"auto, (max-width: 480px) 150px\" src=\"https:\/\/namismusic.com\/wp-content\/uploads\/2023\/06\/Musica-ninos-02-e1653046061824-1-1024x576.jpg\" alt=\"\" class=\"uag-image-440\" width=\"359\" height=\"202\" title=\"\" loading=\"lazy\"\/><\/figure><\/div><\/div>\n\n<div class=\"wp-block-column is-layout-flow wp-block-column-is-layout-flow\"><h2 class=\"wp-block-heading has-text-align-center has-ast-global-color-1-color has-text-color has-medium-font-size\">3. disfruta de todas nuestras actividades<\/h2>\n\n<div class=\"wp-block-uagb-image aligncenter uagb-block-ce7297b9 wp-block-uagb-image--layout-default wp-block-uagb-image--effect-static wp-block-uagb-image--align-center\"><figure class=\"wp-block-uagb-image__figure\"><img decoding=\"async\" srcset=\"https:\/\/namismusic.com\/wp-content\/uploads\/2023\/06\/taller-musical-cristina-muscarsel-sevillaconlospeques-3.webp \" sizes=\"auto, (max-width: 480px) 150px\" src=\"https:\/\/namismusic.com\/wp-content\/uploads\/2023\/06\/taller-musical-cristina-muscarsel-sevillaconlospeques-3.webp\" alt=\"\" class=\"uag-image-441\" width=\"850\" height=\"420\" title=\"\" loading=\"lazy\"\/><\/figure><\/div><\/div><\/div>\n\n<div class=\"wp-block-uagb-info-box uagb-block-9f3c2747 uagb-infobox__content-wrap  uagb-infobox-icon-above-title uagb-infobox-image-valign-top\"><div class=\"uagb-ifb-content\"><div class=\"uagb-ifb-icon-wrap\"><svg xmlns=\"https:\/\/www.w3.org\/2000\/svg\" viewBox=\"0 0 512 512\"><path d=\"M0 256C0 114.6 114.6 0 256 0C397.4 0 512 114.6 512 256C512 397.4 397.4 512 256 512C114.6 512 0 397.4 0 256zM371.8 211.8C382.7 200.9 382.7 183.1 371.8 172.2C360.9 161.3 343.1 161.3 332.2 172.2L224 280.4L179.8 236.2C168.9 225.3 151.1 225.3 140.2 236.2C129.3 247.1 129.3 264.9 140.2 275.8L204.2 339.8C215.1 350.7 232.9 350.7 243.8 339.8L371.8 211.8z\"><\/path><\/svg><\/div><div class=\"uagb-ifb-title-wrap\"><\/div><div class=\"uagb-ifb-separator\"><\/div><div class=\"uagb-ifb-button-wrapper wp-block-button\"><a href=\"https:\/\/namismusic.com\/index.php\/landing-page\/\" class=\"uagb-infobox-cta-link wp-block-button__link\" target=\"_self\" rel=\"noopener noreferrer\" onclick=\"return true;\" alt=\"\"><span class=\"uagb-inline-editing\">CLASE GRATIS<\/span><\/a><\/div><\/div><\/div><\/div><\/div><div class=\"wp-block-uagb-container uagb-block-b2977e90 alignfull uagb-is-root-container\"><div class=\"uagb-container-inner-blocks-wrap\"><div class=\"wp-block-columns is-layout-flex wp-container-core-columns-is-layout-28f84493 wp-block-columns-is-layout-flex\"><div class=\"wp-block-column is-layout-flow wp-block-column-is-layout-flow\"><div class=\"wp-block-uagb-icon uagb-block-7b0171b5 uagb-icon-wrapper\"><span class=\"uagb-svg-wrapper\"><svg xmlns=\"https:\/\/www.w3.org\/2000\/svg\" viewBox=\"0 0 512 512\"><path d=\"M256 512C114.6 512 0 397.4 0 256C0 114.6 114.6 0 256 0C397.4 0 512 114.6 512 256C512 397.4 397.4 512 256 512zM232 256C232 264 236 271.5 242.7 275.1L338.7 339.1C349.7 347.3 364.6 344.3 371.1 333.3C379.3 322.3 376.3 307.4 365.3 300L280 243.2V120C280 106.7 269.3 96 255.1 96C242.7 96 231.1 106.7 231.1 120L232 256z\"><\/path><\/svg><\/span><\/div>\n\n<h3 style=\"text-align: center;\">CADA CLASE DURA 1 HORA<\/h3><\/div>\n\n<div class=\"wp-block-column is-layout-flow wp-block-column-is-layout-flow\"><div class=\"wp-block-uagb-icon uagb-block-b9541609 uagb-icon-wrapper\"><span class=\"uagb-svg-wrapper\"><svg xmlns=\"https:\/\/www.w3.org\/2000\/svg\" viewBox=\"0 0 448 512\"><path d=\"M160 32V64H288V32C288 14.33 302.3 0 320 0C337.7 0 352 14.33 352 32V64H400C426.5 64 448 85.49 448 112V160H0V112C0 85.49 21.49 64 48 64H96V32C96 14.33 110.3 0 128 0C145.7 0 160 14.33 160 32zM0 192H448V464C448 490.5 426.5 512 400 512H48C21.49 512 0 490.5 0 464V192zM64 304C64 312.8 71.16 320 80 320H112C120.8 320 128 312.8 128 304V272C128 263.2 120.8 256 112 256H80C71.16 256 64 263.2 64 272V304zM192 304C192 312.8 199.2 320 208 320H240C248.8 320 256 312.8 256 304V272C256 263.2 248.8 256 240 256H208C199.2 256 192 263.2 192 272V304zM336 256C327.2 256 320 263.2 320 272V304C320 312.8 327.2 320 336 320H368C376.8 320 384 312.8 384 304V272C384 263.2 376.8 256 368 256H336zM64 432C64 440.8 71.16 448 80 448H112C120.8 448 128 440.8 128 432V400C128 391.2 120.8 384 112 384H80C71.16 384 64 391.2 64 400V432zM208 384C199.2 384 192 391.2 192 400V432C192 440.8 199.2 448 208 448H240C248.8 448 256 440.8 256 432V400C256 391.2 248.8 384 240 384H208zM320 432C320 440.8 327.2 448 336 448H368C376.8 448 384 440.8 384 432V400C384 391.2 376.8 384 368 384H336C327.2 384 320 391.2 320 400V432z\"><\/path><\/svg><\/span><\/div>\n\n<h3 style=\"text-align: center;\">ELIGE EL HORARIO QUE M\u00c1S TE CONVENGA<\/h3><\/div>\n\n<div class=\"wp-block-column is-layout-flow wp-block-column-is-layout-flow\"><div class=\"wp-block-uagb-icon uagb-block-cc8b0551 uagb-icon-wrapper\"><span class=\"uagb-svg-wrapper\"><svg xmlns=\"https:\/\/www.w3.org\/2000\/svg\" viewBox=\"0 0 512 512\"><path d=\"M45.63 79.75L52 81.25v58.5C45 143.9 40 151.3 40 160c0 8.375 4.625 15.38 11.12 19.75L35.5 242C33.75 248.9 37.63 256 43.13 256h41.75c5.5 0 9.375-7.125 7.625-13.1L76.88 179.8C83.38 175.4 88 168.4 88 160c0-8.75-5-16.12-12-20.25V87.13L128 99.63l.001 60.37c0 70.75 57.25 128 128 128s127.1-57.25 127.1-128L384 99.62l82.25-19.87c18.25-4.375 18.25-27 0-31.5l-190.4-46c-13-3-26.62-3-39.63 0l-190.6 46C27.5 52.63 27.5 75.38 45.63 79.75zM359.2 312.8l-103.2 103.2l-103.2-103.2c-69.93 22.3-120.8 87.2-120.8 164.5C32 496.5 47.53 512 66.67 512h378.7C464.5 512 480 496.5 480 477.3C480 400 429.1 335.1 359.2 312.8z\"><\/path><\/svg><\/span><\/div>\n\n<h4 style=\"text-align: center;\">CONTAMOS CON CURSOS PARA PRINCIPIANTES, INTYERMEDIOS Y AVANZADOS<\/h4><\/div><\/div><\/div><\/div><h2 class=\"wp-block-heading has-ast-global-color-1-color has-ast-global-color-5-background-color has-text-color has-background\" style=\"font-size:26px;font-style:normal;font-weight:600\">QUE INCLUYE<\/h2><div class=\"wp-block-group has-ast-global-color-5-background-color has-background is-vertical is-content-justification-center is-layout-flex wp-container-core-group-is-layout-6363bf74 wp-block-group-is-layout-flex\"><div class=\"wp-block-uagb-container uagb-block-6182db8b alignfull uagb-is-root-container\"><div class=\"uagb-container-inner-blocks-wrap\"><div class=\"wp-block-columns has-ffffff-background-color has-background is-layout-flex wp-container-core-columns-is-layout-28f84493 wp-block-columns-is-layout-flex\"><div class=\"wp-block-column is-layout-flow wp-block-column-is-layout-flow\"><div class=\"wp-block-uagb-image uagb-block-60a9587a wp-block-uagb-image--layout-default wp-block-uagb-image--effect-static wp-block-uagb-image--align-none\"><figure class=\"wp-block-uagb-image__figure\"><img decoding=\"async\" srcset=\"https:\/\/namismusic.com\/wp-content\/uploads\/2023\/06\/mic-microphone-sound-check-1132528-1024x678.jpg \" sizes=\"auto, (max-width: 480px) 150px\" src=\"https:\/\/namismusic.com\/wp-content\/uploads\/2023\/06\/mic-microphone-sound-check-1132528-1024x678.jpg\" alt=\"mic, microphone, sound check-1132528.jpg\" class=\"uag-image-453\" width=\"1024\" height=\"678\" title=\"\" loading=\"lazy\"\/><\/figure><\/div>\n\n<h2 class=\"wp-block-heading has-text-align-center\">2 clases de instrumento<\/h2><\/div>\n\n<div class=\"wp-block-column is-layout-flow wp-block-column-is-layout-flow\"><div class=\"wp-block-uagb-image uagb-block-5f4dfea8 wp-block-uagb-image--layout-default wp-block-uagb-image--effect-static wp-block-uagb-image--align-none\"><figure class=\"wp-block-uagb-image__figure\"><img decoding=\"async\" srcset=\"https:\/\/namismusic.com\/wp-content\/uploads\/2023\/06\/istockphoto-488313722-612x612-1.jpg \" sizes=\"auto, (max-width: 480px) 150px\" src=\"https:\/\/namismusic.com\/wp-content\/uploads\/2023\/06\/istockphoto-488313722-612x612-1.jpg\" alt=\"\" class=\"uag-image-455\" width=\"612\" height=\"408\" title=\"\" loading=\"lazy\"\/><\/figure><\/div>\n\n<h2 class=\"wp-block-heading has-text-align-center\">coro<\/h2><\/div><\/div>\n\n<div class=\"wp-block-columns has-ffffff-background-color has-background is-layout-flex wp-container-core-columns-is-layout-28f84493 wp-block-columns-is-layout-flex\"><div class=\"wp-block-column is-layout-flow wp-block-column-is-layout-flow\"><div class=\"wp-block-uagb-image uagb-block-168a0043 wp-block-uagb-image--layout-default wp-block-uagb-image--effect-static wp-block-uagb-image--align-none\"><figure class=\"wp-block-uagb-image__figure\"><img decoding=\"async\" srcset=\"https:\/\/namismusic.com\/wp-content\/uploads\/2023\/06\/instruments-music-drums-801271-1024x678.jpg \" sizes=\"auto, (max-width: 480px) 150px\" src=\"https:\/\/namismusic.com\/wp-content\/uploads\/2023\/06\/instruments-music-drums-801271-1024x678.jpg\" alt=\"instruments, music, drums-801271.jpg\" class=\"uag-image-454\" width=\"1024\" height=\"678\" title=\"\" loading=\"lazy\"\/><\/figure><\/div>\n\n<h2 class=\"wp-block-heading has-text-align-center\">reposic\u00f3n de clases<\/h2><\/div>\n\n<div class=\"wp-block-column is-layout-flow wp-block-column-is-layout-flow\"><div class=\"wp-block-uagb-image aligncenter uagb-block-40b3e8bc wp-block-uagb-image--layout-default wp-block-uagb-image--effect-static wp-block-uagb-image--align-center\"><figure class=\"wp-block-uagb-image__figure\"><img decoding=\"async\" srcset=\"https:\/\/namismusic.com\/wp-content\/uploads\/2023\/06\/girl-medal-happy-958409-769x1024.jpg \" sizes=\"auto, (max-width: 480px) 150px\" src=\"https:\/\/namismusic.com\/wp-content\/uploads\/2023\/06\/girl-medal-happy-958409-769x1024.jpg\" alt=\"girl, medal, happy-958409.jpg\" class=\"uag-image-456\" width=\"143\" height=\"189\" title=\"\" loading=\"lazy\"\/><\/figure><\/div>\n\n<h2 class=\"wp-block-heading has-text-align-center\">concursos<\/h2><\/div><\/div><\/div><\/div>\n\n<h2 class=\"wp-block-heading has-text-align-center has-ast-global-color-1-color has-text-color has-large-font-size\">y m\u00e1s<\/h2><\/div><div class=\"wp-block-uagb-container uagb-block-7943b909 alignfull uagb-is-root-container\"><div class=\"wp-block-columns has-ffffff-background-color has-background is-layout-flex wp-container-core-columns-is-layout-28f84493 wp-block-columns-is-layout-flex\"><div class=\"wp-block-column is-layout-flow wp-block-column-is-layout-flow\"><div class=\"wp-block-uagb-advanced-heading uagb-block-ca5d2091\"><h2 class=\"uagb-heading-text\">taller para padres<\/h2><\/div>\n\n<div class=\"wp-block-uagb-image uagb-block-07704f2c wp-block-uagb-image--layout-default wp-block-uagb-image--effect-static wp-block-uagb-image--align-none\"><figure class=\"wp-block-uagb-image__figure\"><img decoding=\"async\" srcset=\"https:\/\/namismusic.com\/wp-content\/uploads\/2023\/06\/611ee3d7fbc3c00fa1e99966_rcsa_blog_imgs_ago_nota5_1-1024x922.jpg \" sizes=\"auto, (max-width: 480px) 150px\" src=\"https:\/\/namismusic.com\/wp-content\/uploads\/2023\/06\/611ee3d7fbc3c00fa1e99966_rcsa_blog_imgs_ago_nota5_1-1024x922.jpg\" alt=\"\" class=\"uag-image-460\" width=\"1024\" height=\"922\" title=\"\" loading=\"lazy\"\/><\/figure><\/div><\/div>\n\n<div class=\"wp-block-column is-layout-flow wp-block-column-is-layout-flow\"><div class=\"wp-block-uagb-advanced-heading uagb-block-ba4459ed\"><h2 class=\"uagb-heading-text\">concursos<\/h2><\/div>\n\n<div class=\"wp-block-uagb-image aligncenter uagb-block-02e7671a wp-block-uagb-image--layout-default wp-block-uagb-image--effect-static wp-block-uagb-image--align-center\"><figure class=\"wp-block-uagb-image__figure\"><img decoding=\"async\" srcset=\"https:\/\/namismusic.com\/wp-content\/uploads\/2023\/06\/trophy-award-winner-2754166-682x1024.jpg \" sizes=\"auto, (max-width: 480px) 150px\" src=\"https:\/\/namismusic.com\/wp-content\/uploads\/2023\/06\/trophy-award-winner-2754166-682x1024.jpg\" alt=\"trophy, award, winner-2754166.jpg\" class=\"uag-image-461\" width=\"118\" height=\"177\" title=\"\" loading=\"lazy\"\/><\/figure><\/div><\/div>\n\n<div class=\"wp-block-column is-layout-flow wp-block-column-is-layout-flow\"><div class=\"wp-block-uagb-advanced-heading uagb-block-ef5d0961\"><h2 class=\"uagb-heading-text\">conciertos<\/h2><\/div>\n\n<div class=\"wp-block-uagb-image uagb-block-52692f90 wp-block-uagb-image--layout-default wp-block-uagb-image--effect-static wp-block-uagb-image--align-none\"><figure class=\"wp-block-uagb-image__figure\"><img decoding=\"async\" srcset=\"https:\/\/namismusic.com\/wp-content\/uploads\/2023\/06\/guitars-instruments-perform-2033566-1024x682.jpg \" sizes=\"auto, (max-width: 480px) 150px\" src=\"https:\/\/namismusic.com\/wp-content\/uploads\/2023\/06\/guitars-instruments-perform-2033566-1024x682.jpg\" alt=\"guitars, instruments, perform-2033566.jpg\" class=\"uag-image-462\" width=\"181\" height=\"120\" title=\"\" loading=\"lazy\"\/><\/figure><\/div><\/div><\/div>\n\n<div class=\"wp-block-columns has-ffffff-background-color has-background is-layout-flex wp-container-core-columns-is-layout-28f84493 wp-block-columns-is-layout-flex\"><div class=\"wp-block-column is-layout-flow wp-block-column-is-layout-flow\"><div class=\"wp-block-columns is-layout-flex wp-container-core-columns-is-layout-28f84493 wp-block-columns-is-layout-flex\"><div class=\"wp-block-column is-layout-flow wp-block-column-is-layout-flow\"><div class=\"wp-block-uagb-advanced-heading uagb-block-0f94bed4\"><h2 class=\"uagb-heading-text\">grabaciones<\/h2><\/div>\n\n<div class=\"wp-block-uagb-image uagb-block-24493550 wp-block-uagb-image--layout-default wp-block-uagb-image--effect-static wp-block-uagb-image--align-none\"><figure class=\"wp-block-uagb-image__figure\"><img decoding=\"async\" srcset=\"https:\/\/namismusic.com\/wp-content\/uploads\/2023\/06\/man-microphone-music-1845432-1024x576.jpg \" sizes=\"auto, (max-width: 480px) 150px\" src=\"https:\/\/namismusic.com\/wp-content\/uploads\/2023\/06\/man-microphone-music-1845432-1024x576.jpg\" alt=\"man, microphone, music-1845432.jpg\" class=\"uag-image-463\" width=\"1024\" height=\"576\" title=\"\" loading=\"lazy\"\/><\/figure><\/div><\/div>\n\n<div class=\"wp-block-column is-layout-flow wp-block-column-is-layout-flow\"><div class=\"wp-block-uagb-advanced-heading uagb-block-662f222b\"><h2 class=\"uagb-heading-text\">sesi\u00f3n de fotos<\/h2><\/div>\n\n<div class=\"wp-block-uagb-image uagb-block-3b273208 wp-block-uagb-image--layout-default wp-block-uagb-image--effect-static wp-block-uagb-image--align-none\"><figure class=\"wp-block-uagb-image__figure\"><img decoding=\"async\" srcset=\"https:\/\/namismusic.com\/wp-content\/uploads\/2023\/06\/Musicians-Guide-to-instagram-2.jpg \" sizes=\"auto, (max-width: 480px) 150px\" src=\"https:\/\/namismusic.com\/wp-content\/uploads\/2023\/06\/Musicians-Guide-to-instagram-2.jpg\" alt=\"\" class=\"uag-image-464\" width=\"864\" height=\"679\" title=\"\" loading=\"lazy\"\/><\/figure><\/div><\/div><\/div><\/div><\/div><\/div><div class=\"wp-block-uagb-marketing-button uagb-marketing-btn__align-center uagb-marketing-btn__align-text-center uagb-marketing-btn__icon-after uagb-block-c3a1ead7 wp-block-button\"><a href=\"https:\/\/namismusic.com\/index.php\/landing-page\/\" class=\"uagb-marketing-btn__link wp-block-button__link\" target=\"\" rel=\"noopener noreferrer\"><span class=\"uagb-marketing-btn__title\">clase gratis<\/span><svg xmlns=\"https:\/\/www.w3.org\/2000\/svg\" viewBox=\"0 0 512 512\"><path d=\"M384 320c-17.67 0-32 14.33-32 32v96H64V160h96c17.67 0 32-14.32 32-32s-14.33-32-32-32L64 96c-35.35 0-64 28.65-64 64V448c0 35.34 28.65 64 64 64h288c35.35 0 64-28.66 64-64v-96C416 334.3 401.7 320 384 320zM488 0H352c-12.94 0-24.62 7.797-29.56 19.75c-4.969 11.97-2.219 25.72 6.938 34.88L370.8 96L169.4 297.4c-12.5 12.5-12.5 32.75 0 45.25C175.6 348.9 183.8 352 192 352s16.38-3.125 22.62-9.375L416 141.3l41.38 41.38c9.156 9.141 22.88 11.84 34.88 6.938C504.2 184.6 512 172.9 512 160V24C512 10.74 501.3 0 488 0z\"><\/path><\/svg><p class=\"uagb-marketing-btn__prefix\">\u00a1agenda tu clase hoy mismo!<\/p><\/a><\/div>","protected":false},"excerpt":{"rendered":"<p>\u00bfc\u00f3mo funciona? 1. clase gratis 2. inscr\u00edbete 3. disfruta de todas nuestras actividades CADA CLASE DURA 1 HORA ELIGE EL HORARIO QUE M\u00c1S TE CONVENGA CONTAMOS CON CURSOS PARA PRINCIPIANTES, INTYERMEDIOS Y AVANZADOS QUE INCLUYE 2 clases de instrumento coro reposic\u00f3n de clases concursos y m\u00e1s taller para padres concursos conciertos grabaciones sesi\u00f3n de fotos<\/p>\n","protected":false},"author":1,"featured_media":0,"parent":0,"menu_order":0,"comment_status":"closed","ping_status":"closed","template":"","meta":{"_uag_custom_page_level_css":"","site-sidebar-layout":"no-sidebar","site-content-layout":"default","ast-site-content-layout":"default","site-content-style":"default","site-sidebar-style":"default","ast-global-header-display":"","ast-banner-title-visibility":"","ast-main-header-display":"","ast-hfb-above-header-display":"","ast-hfb-below-header-display":"","ast-hfb-mobile-header-display":"","site-post-title":"disabled","ast-breadcrumbs-content":"","ast-featured-img":"","footer-sml-layout":"","theme-transparent-header-meta":"enabled","adv-header-id-meta":"","stick-header-meta":"","header-above-stick-meta":"","header-main-stick-meta":"","header-below-stick-meta":"","astra-migrate-meta-layouts":"default","ast-page-background-enabled":"default","ast-page-background-meta":{"desktop":{"background-color":"","background-image":"","background-repeat":"repeat","background-position":"center center","background-size":"auto","background-attachment":"scroll","background-type":"","background-media":"","overlay-type":"","overlay-color":"","overlay-opacity":"","overlay-gradient":""},"tablet":{"background-color":"","background-image":"","background-repeat":"repeat","background-position":"center center","background-size":"auto","background-attachment":"scroll","background-type":"","background-media":"","overlay-type":"","overlay-color":"","overlay-opacity":"","overlay-gradient":""},"mobile":{"background-color":"","background-image":"","background-repeat":"repeat","background-position":"center center","background-size":"auto","background-attachment":"scroll","background-type":"","background-media":"","overlay-type":"","overlay-color":"","overlay-opacity":"","overlay-gradient":""}},"ast-content-background-meta":{"desktop":{"background-color":"var(--ast-global-color-5)","background-image":"","background-repeat":"repeat","background-position":"center center","background-size":"auto","background-attachment":"scroll","background-type":"","background-media":"","overlay-type":"","overlay-color":"","overlay-opacity":"","overlay-gradient":""},"tablet":{"background-color":"var(--ast-global-color-5)","background-image":"","background-repeat":"repeat","background-position":"center center","background-size":"auto","background-attachment":"scroll","background-type":"","background-media":"","overlay-type":"","overlay-color":"","overlay-opacity":"","overlay-gradient":""},"mobile":{"background-color":"var(--ast-global-color-5)","background-image":"","background-repeat":"repeat","background-position":"center center","background-size":"auto","background-attachment":"scroll","background-type":"","background-media":"","overlay-type":"","overlay-color":"","overlay-opacity":"","overlay-gradient":""}},"footnotes":""},"class_list":["post-417","page","type-page","status-publish","hentry"],"uagb_featured_image_src":{"full":false,"thumbnail":false,"medium":false,"medium_large":false,"large":false,"1536x1536":false,"2048x2048":false,"woocommerce_thumbnail":false,"woocommerce_single":false,"woocommerce_gallery_thumbnail":false},"uagb_author_info":{"display_name":"mariomoranm95","author_link":"https:\/\/namismusic.com\/index.php\/author\/mariomoranm95\/"},"uagb_comment_info":0,"uagb_excerpt":"\u00bfc\u00f3mo funciona? 1. clase gratis 2. inscr\u00edbete 3. disfruta de todas nuestras actividades CADA CLASE DURA 1 HORA ELIGE EL HORARIO QUE M\u00c1S TE CONVENGA CONTAMOS CON CURSOS PARA PRINCIPIANTES, INTYERMEDIOS Y AVANZADOS QUE INCLUYE 2 clases de instrumento coro reposic\u00f3n de clases concursos y m\u00e1s taller para padres concursos conciertos grabaciones sesi\u00f3n de fotos","_links":{"self":[{"href":"https:\/\/namismusic.com\/index.php\/wp-json\/wp\/v2\/pages\/417","targetHints":{"allow":["GET"]}}],"collection":[{"href":"https:\/\/namismusic.com\/index.php\/wp-json\/wp\/v2\/pages"}],"about":[{"href":"https:\/\/namismusic.com\/index.php\/wp-json\/wp\/v2\/types\/page"}],"author":[{"embeddable":true,"href":"https:\/\/namismusic.com\/index.php\/wp-json\/wp\/v2\/users\/1"}],"replies":[{"embeddable":true,"href":"https:\/\/namismusic.com\/index.php\/wp-json\/wp\/v2\/comments?post=417"}],"version-history":[{"count":14,"href":"https:\/\/namismusic.com\/index.php\/wp-json\/wp\/v2\/pages\/417\/revisions"}],"predecessor-version":[{"id":503,"href":"https:\/\/namismusic.com\/index.php\/wp-json\/wp\/v2\/pages\/417\/revisions\/503"}],"wp:attachment":[{"href":"https:\/\/namismusic.com\/index.php\/wp-json\/wp\/v2\/media?parent=417"}],"curies":[{"name":"wp","href":"https:\/\/api.w.org\/{rel}","templated":true}]}}